{"id":208,"date":"2017-11-10T13:43:28","date_gmt":"2017-11-10T12:43:28","guid":{"rendered":"https:\/\/www.beesmile.fr\/?page_id=208"},"modified":"2017-11-13T12:18:41","modified_gmt":"2017-11-13T11:18:41","slug":"notre-offre","status":"publish","type":"page","link":"https:\/\/www.beesmile.fr\/index.php\/notre-offre\/","title":{"rendered":"Notre offre"},"content":{"rendered":"<p>Bee Smile vous propose un plan de progr\u00e8s pour d\u00e9velopper <strong>le bien \u00eatre au travail<\/strong>, selon votre situation, votre budget et les \u00e9tapes que vous voulez franchir.<\/p>\n<p><strong>Vous partez de loin<\/strong> ? pas d&rsquo;inqui\u00e9tude, nous avons un <a href=\"https:\/\/www.beesmile.fr\/index.php\/agissez-avec-bee-smile\/\">programme <\/a>sp\u00e9cialement pr\u00e9vu pour initier les premi\u00e8res actions et b\u00e9n\u00e9ficier des premi\u00e8res retomb\u00e9es.<\/p>\n<p><strong>Vous avez d\u00e9j\u00e0 engag\u00e9 des actions<\/strong> et vous souhaitez clarifier votre d\u00e9marche ? d\u00e9marrez avec notre <a href=\"https:\/\/www.beesmile.fr\/index.php\/agissez-avec-bee-smile\/\">diagnostic <\/a>bas\u00e9 sur 8 grands principes fondamentaux : [inspirer], [recruter et accueillir], [communiquer], [\u00e9couter], [faire \u00e9voluer], [prendre soin], [remercier et c\u00e9l\u00e9brer], [partager.]<\/p>\n<p>Dans tous les cas, nos actions sont inspir\u00e9es de l&rsquo;image de l&rsquo;iceberg. Nous vous proposons d&rsquo;agir :<\/p>\n<div class=\"csRow\">\n<div class=\"csColumn\" style=\"margin: 0px; padding: 0px; float: left; width: 26%;\" data-csstartpoint=\"0\" data-csendpoint=\"250\" data-cswidth=\"26.0%\" data-csid=\"2bd75b0e-2587-0484-9264-3cb25358ee01\">\n<p><img fetchpriority=\"high\" decoding=\"async\" style=\"display: block; margin-left: auto; margin-right: auto;\" src=\"https:\/\/www.beesmile.fr\/wp-content\/uploads\/2017\/11\/iceberg_icone.png\" alt=\"\" width=\"233\" height=\"253\" \/><\/p>\n<\/div>\n<div class=\"csColumn\" style=\"margin: 0px; padding: 0px; float: left; width: 67.3%;\" data-csstartpoint=\"250\" data-csendpoint=\"896\" data-cswidth=\"67.3%\" data-csid=\"633b88d9-d883-eed6-b31b-8837ec4e4e86\">\n<ul>\n<li><strong>sur la partie visible<\/strong> : celle imm\u00e9diatement perceptible par les salari\u00e9s dans leur quotidien. Ils verront des \u00e9l\u00e9ments concrets rapidement et cela donnera une impulsion positive et un regard plus engag\u00e9 sur l\u2019entreprise. Parfois, ils pourront \u00eatre favorablement surpris de ce que vous faites pour eux. Et surtout, ils seront associ\u00e9s \u00e0 la d\u00e9marche.<\/li>\n<\/ul>\n<ul>\n<li><strong>sur la partie immerg\u00e9e<\/strong> : celle des profondeurs, qui agit dans la dur\u00e9e et qui touche \u00e0 des processus important de l\u2019organisation : les valeurs, le sens, la politique RH, le management, l\u2019innovation, l\u2019engagement \u2026 Parce que les salari\u00e9s jugent l\u2019organisation dans la dur\u00e9e, il faut que l\u2019ensemble des pi\u00e8ces du puzzle s\u2019ajustent pour rendre la d\u00e9marche coh\u00e9rente et faire de vos salari\u00e9s des ambassadeurs fiers de leur quotidien. Et comme souvent, si vos salari\u00e9s sont plus impliqu\u00e9s, vos clients en b\u00e9n\u00e9ficient tr\u00e8s vite.<\/li>\n<\/ul>\n<\/div>\n<div class=\"csColumnGap\" style=\"margin: 0px; padding: 0px; float: left; width: 6.67%;\"><img decoding=\"async\" src=\"https:\/\/www.beesmile.fr\/wp-content\/plugins\/advanced-wp-columns\/assets\/js\/plugins\/views\/img\/1x1-pixel.png\" \/><\/div>\n<div style=\"clear: both; float: none; display: block; visibility: hidden; width: 0px; font-size: 0px; line-height: 0;\"><\/div>\n<\/div>\n<p>Et parce qu&rsquo;il faut que ces actions aient de l&rsquo;impact, nous suivons avec vous l&rsquo;\u00e9volution du taux d&rsquo;absent\u00e9isme et du turn over. Et nous vous proposons d&rsquo;aller plus loin avec nos mini-sondages r\u00e9guliers qui donnent le pouls du bien \u00eatre dans votre organisation et fixent de nouveaux caps \u00e0 franchir.<\/p>\n<p>Parlons en pour pr\u00e9ciser votre besoin et construire ensemble la solution de progr\u00e8s.<\/p>\n<p><strong><code>[pirate_forms]<\/code><\/strong><\/p>\n<p>&nbsp;<\/p>\n<p><span style=\"border-radius: 2px; text-indent: 20px; width: auto; padding: 0px 4px 0px 0px; text-align: center; font: bold 11px\/20px 'Helvetica Neue',Helvetica,sans-serif; color: #ffffff; background: #bd081c no-repeat scroll 3px 50% \/ 14px 14px; position: absolute; opacity: 1; z-index: 8675309; display: none; cursor: pointer;\">Enregistrer<\/span><\/p>\n","protected":false},"excerpt":{"rendered":"<p>Bee Smile vous propose un plan de progr\u00e8s pour d\u00e9velopper le bien \u00eatre au travail, selon votre situation, votre budget et les \u00e9tapes que vous voulez franchir. Vous partez de loin ? pas d&rsquo;inqui\u00e9tude, nous avons un programme sp\u00e9cialement pr\u00e9vu pour initier les premi\u00e8res actions et b\u00e9n\u00e9ficier des premi\u00e8res retomb\u00e9es. Vous avez d\u00e9j\u00e0 engag\u00e9 des&hellip;&nbsp;<\/p>\n","protected":false},"author":1,"featured_media":0,"parent":0,"menu_order":0,"comment_status":"closed","ping_status":"closed","template":"","meta":{"_acf_changed":false,"_seopress_robots_primary_cat":"","_seopress_titles_title":"Notre offre de services - Bee Smile | Souriez, vous bossez !","_seopress_titles_desc":"Am\u00e9liorez le bien-\u00eatre dans votre organisation par des actions pragmatiques. Agissez selon votre calendrier, vos budgets pour des r\u00e9sultats durables.","_seopress_robots_index":"","neve_meta_sidebar":"","neve_meta_container":"","neve_meta_enable_content_width":"","neve_meta_content_width":0,"neve_meta_title_alignment":"","neve_meta_author_avatar":"","neve_post_elements_order":"","neve_meta_disable_header":"","neve_meta_disable_footer":"","neve_meta_disable_title":"","_themeisle_gutenberg_block_has_review":false,"footnotes":""},"class_list":["post-208","page","type-page","status-publish","hentry"],"acf":[],"_links":{"self":[{"href":"https:\/\/www.beesmile.fr\/index.php\/wp-json\/wp\/v2\/pages\/208","targetHints":{"allow":["GET"]}}],"collection":[{"href":"https:\/\/www.beesmile.fr\/index.php\/wp-json\/wp\/v2\/pages"}],"about":[{"href":"https:\/\/www.beesmile.fr\/index.php\/wp-json\/wp\/v2\/types\/page"}],"author":[{"embeddable":true,"href":"https:\/\/www.beesmile.fr\/index.php\/wp-json\/wp\/v2\/users\/1"}],"replies":[{"embeddable":true,"href":"https:\/\/www.beesmile.fr\/index.php\/wp-json\/wp\/v2\/comments?post=208"}],"version-history":[{"count":11,"href":"https:\/\/www.beesmile.fr\/index.php\/wp-json\/wp\/v2\/pages\/208\/revisions"}],"predecessor-version":[{"id":318,"href":"https:\/\/www.beesmile.fr\/index.php\/wp-json\/wp\/v2\/pages\/208\/revisions\/318"}],"wp:attachment":[{"href":"https:\/\/www.beesmile.fr\/index.php\/wp-json\/wp\/v2\/media?parent=208"}],"curies":[{"name":"wp","href":"https:\/\/api.w.org\/{rel}","templated":true}]}}