{"id":231,"date":"2017-12-12T18:03:00","date_gmt":"2017-12-12T17:03:00","guid":{"rendered":"https:\/\/www.beesmile.fr\/?page_id=231"},"modified":"2017-12-12T18:05:23","modified_gmt":"2017-12-12T17:05:23","slug":"a-propos","status":"publish","type":"page","link":"https:\/\/www.beesmile.fr\/index.php\/a-propos\/","title":{"rendered":"A propos"},"content":{"rendered":"<p>Les organisations se retrouvent toutes sur un point : elles disposent d&rsquo;un gisement d&rsquo;am\u00e9lioration extr\u00eamement redoutable : leurs salari\u00e9(e)s et cette capacit\u00e9 qu&rsquo;ils ont \u00e0 se mobiliser pour donner le meilleur. Longtemps, cette dimension est rest\u00e9e discr\u00e8te, mais d\u00e9sormais, de plus en plus d&rsquo;organisations engagent des actions touchant au bien-\u00eatre des salari\u00e9(e)s car elles savent que les b\u00e9n\u00e9fices pour eux sont transposables pour l&rsquo;ensemble de l&rsquo;organisation, de ses partenaires et surtout de ses clients.<\/p>\n<p>Bee Smile est n\u00e9e de cette volont\u00e9 d&rsquo;accompagner les entreprises et les organisations pour engager \u00e0 leur rythme, des actions durables, relay\u00e9es en interne, et ainsi rendre le travail plus agr\u00e9able, plus impliqu\u00e9, plus engag\u00e9 pour finalement mieux servir les clients.<\/p>\n<p>Rencontrons nous pour en parler et passer \u00e0 l&rsquo;action !<\/p>\n<p>Alain BOSSIERE<br \/>\nCEO.<\/p>\n<p>&nbsp;<\/p>\n","protected":false},"excerpt":{"rendered":"<p>Les organisations se retrouvent toutes sur un point : elles disposent d&rsquo;un gisement d&rsquo;am\u00e9lioration extr\u00eamement redoutable : leurs salari\u00e9(e)s et cette capacit\u00e9 qu&rsquo;ils ont \u00e0 se mobiliser pour donner le meilleur. Longtemps, cette dimension est rest\u00e9e discr\u00e8te, mais d\u00e9sormais, de plus en plus d&rsquo;organisations engagent des actions touchant au bien-\u00eatre des salari\u00e9(e)s car elles savent&hellip;&nbsp;<\/p>\n","protected":false},"author":1,"featured_media":0,"parent":0,"menu_order":0,"comment_status":"closed","ping_status":"closed","template":"","meta":{"_acf_changed":false,"_seopress_robots_primary_cat":"","_seopress_titles_title":"","_seopress_titles_desc":"","_seopress_robots_index":"","neve_meta_sidebar":"","neve_meta_container":"","neve_meta_enable_content_width":"","neve_meta_content_width":0,"neve_meta_title_alignment":"","neve_meta_author_avatar":"","neve_post_elements_order":"","neve_meta_disable_header":"","neve_meta_disable_footer":"","neve_meta_disable_title":"","_themeisle_gutenberg_block_has_review":false,"footnotes":""},"class_list":["post-231","page","type-page","status-publish","hentry"],"acf":[],"_links":{"self":[{"href":"https:\/\/www.beesmile.fr\/index.php\/wp-json\/wp\/v2\/pages\/231","targetHints":{"allow":["GET"]}}],"collection":[{"href":"https:\/\/www.beesmile.fr\/index.php\/wp-json\/wp\/v2\/pages"}],"about":[{"href":"https:\/\/www.beesmile.fr\/index.php\/wp-json\/wp\/v2\/types\/page"}],"author":[{"embeddable":true,"href":"https:\/\/www.beesmile.fr\/index.php\/wp-json\/wp\/v2\/users\/1"}],"replies":[{"embeddable":true,"href":"https:\/\/www.beesmile.fr\/index.php\/wp-json\/wp\/v2\/comments?post=231"}],"version-history":[{"count":4,"href":"https:\/\/www.beesmile.fr\/index.php\/wp-json\/wp\/v2\/pages\/231\/revisions"}],"predecessor-version":[{"id":9258,"href":"https:\/\/www.beesmile.fr\/index.php\/wp-json\/wp\/v2\/pages\/231\/revisions\/9258"}],"wp:attachment":[{"href":"https:\/\/www.beesmile.fr\/index.php\/wp-json\/wp\/v2\/media?parent=231"}],"curies":[{"name":"wp","href":"https:\/\/api.w.org\/{rel}","templated":true}]}}