{"id":3737,"date":"2021-03-18T18:32:14","date_gmt":"2021-03-18T17:32:14","guid":{"rendered":"https:\/\/www.beesmile.fr\/?page_id=3737"},"modified":"2023-02-23T16:52:26","modified_gmt":"2023-02-23T15:52:26","slug":"lequipe","status":"publish","type":"page","link":"https:\/\/www.beesmile.fr\/index.php\/lequipe\/","title":{"rendered":"L&rsquo;\u00e9quipe"},"content":{"rendered":"<style type=\"text\/css\">\n#foogallery-gallery-3729.fg-masonry .fg-item { width: 150px; }\n#foogallery-gallery-3729.fg-masonry { --fg-gutter: 10px; }<\/style>\n\t\t\t<div class=\"foogallery foogallery-container foogallery-masonry foogallery-lightbox-foogallery fg-center fg-masonry fg-ready fg-light fg-border-thin fg-round-medium fg-shadow-small fg-loading-default fg-loaded-fade-in fg-captions-bottom fg-hover-fade fg-fixed\" id=\"foogallery-gallery-3729\" data-foogallery=\"{&quot;item&quot;:{&quot;showCaptionTitle&quot;:true,&quot;showCaptionDescription&quot;:true},&quot;lazy&quot;:true,&quot;template&quot;:{&quot;columnWidth&quot;:150,&quot;gutter&quot;:10}}\" style=\"--fg-title-line-clamp: 0; --fg-description-line-clamp: 0;\" >\n\t\t<div class=\"fg-item fg-type-image fg-idle\"><figure class=\"fg-item-inner\"><a data-caption-title=\"ALAIN\" data-caption-desc=\"Ses 3 soft skills au top !&lt;\/br&gt;\n&amp;gt; Cr\u00e9ativit\u00e9&lt;\/br&gt;\n&amp;gt; Ecoute active&lt;\/br&gt;\n&amp;gt; Discernement&lt;\/br&gt;\n &lt;\/br&gt;\" data-attachment-id=\"3732\" data-e-disable-page-transition=\"true\" data-type=\"image\" class=\"fg-thumb\"><span class=\"fg-image-wrap\"><img decoding=\"async\" title=\"ALAIN\" width=\"150\" height=\"150\" class=\"skip-lazy fg-image\" data-src-fg=\"https:\/\/www.beesmile.fr\/wp-content\/uploads\/cache\/2021\/03\/alain_bossiere-small\/3352705281.jpg\" src=\"data:image\/svg+xml,%3Csvg%20xmlns%3D%22http%3A%2F%2Fwww.w3.org%2F2000%2Fsvg%22%20width%3D%22150%22%20height%3D%22150%22%20viewBox%3D%220%200%20150%20150%22%3E%3C%2Fsvg%3E\" loading=\"eager\"><\/span><span class=\"fg-image-overlay\"><\/span><\/a><figcaption class=\"fg-caption\"><div class=\"fg-caption-inner\"><div class=\"fg-caption-title\">ALAIN<\/div><div class=\"fg-caption-desc\">Ses 3 soft skills au top !<\/br>\n&gt; Cr\u00e9ativit\u00e9<\/br>\n&gt; Ecoute active<\/br>\n&gt; Discernement<\/br>\n <\/br><\/div><\/div><\/figcaption><\/figure><div class=\"fg-loader\"><\/div><\/div><div class=\"fg-item fg-type-image fg-idle\"><figure class=\"fg-item-inner\"><a data-caption-title=\"ANNE PASCALE\" data-caption-desc=\"Ses 3 soft skills au top !&lt;\/br&gt;\n&amp;gt; Leadership positif &lt;\/br&gt;\n&amp;gt; Esprit d&#039;initiative&lt;\/br&gt;\n&amp;gt; Organisation sans faille&lt;\/br&gt;\" data-attachment-id=\"3735\" data-e-disable-page-transition=\"true\" data-type=\"image\" class=\"fg-thumb\"><span class=\"fg-image-wrap\"><img decoding=\"async\" title=\"ANNE PASCALE\" width=\"150\" height=\"151\" class=\"skip-lazy fg-image\" data-src-fg=\"https:\/\/www.beesmile.fr\/wp-content\/uploads\/cache\/2021\/03\/ANNE-PASCALE_s\/303166868.jpg\" src=\"data:image\/svg+xml,%3Csvg%20xmlns%3D%22http%3A%2F%2Fwww.w3.org%2F2000%2Fsvg%22%20width%3D%22150%22%20height%3D%22151%22%20viewBox%3D%220%200%20150%20151%22%3E%3C%2Fsvg%3E\" loading=\"eager\"><\/span><span class=\"fg-image-overlay\"><\/span><\/a><figcaption class=\"fg-caption\"><div class=\"fg-caption-inner\"><div class=\"fg-caption-title\">ANNE PASCALE<\/div><div class=\"fg-caption-desc\">Ses 3 soft skills au top !<\/br>\n&gt; Leadership positif <\/br>\n&gt; Esprit d&rsquo;initiative<\/br>\n&gt; Organisation sans faille<\/br><\/div><\/div><\/figcaption><\/figure><div class=\"fg-loader\"><\/div><\/div><div class=\"fg-item fg-type-image fg-idle\"><figure class=\"fg-item-inner\"><a data-caption-title=\"KRISTINA\" data-caption-desc=\"Ses 3 soft skills au top !&lt;\/br&gt;\n&amp;gt; Innovation&lt;\/br&gt;\n&amp;gt; Excellence collaborative&lt;\/br&gt;\n&amp;gt; Esprit de synth\u00e8se&lt;\/br&gt;\" data-attachment-id=\"3736\" data-e-disable-page-transition=\"true\" data-type=\"image\" class=\"fg-thumb\"><span class=\"fg-image-wrap\"><img decoding=\"async\" title=\"KRISTINA\" width=\"150\" height=\"151\" class=\"skip-lazy fg-image\" data-src-fg=\"https:\/\/www.beesmile.fr\/wp-content\/uploads\/cache\/2021\/03\/Kristina_s\/1391137954.png\" src=\"data:image\/svg+xml,%3Csvg%20xmlns%3D%22http%3A%2F%2Fwww.w3.org%2F2000%2Fsvg%22%20width%3D%22150%22%20height%3D%22151%22%20viewBox%3D%220%200%20150%20151%22%3E%3C%2Fsvg%3E\" loading=\"eager\"><\/span><span class=\"fg-image-overlay\"><\/span><\/a><figcaption class=\"fg-caption\"><div class=\"fg-caption-inner\"><div class=\"fg-caption-title\">KRISTINA<\/div><div class=\"fg-caption-desc\">Ses 3 soft skills au top !<\/br>\n&gt; Innovation<\/br>\n&gt; Excellence collaborative<\/br>\n&gt; Esprit de synth\u00e8se<\/br><\/div><\/div><\/figcaption><\/figure><div class=\"fg-loader\"><\/div><\/div><div class=\"fg-item fg-type-image fg-idle\"><figure class=\"fg-item-inner\"><a data-caption-title=\"PHILIPPE\" data-caption-desc=\"Ses 3 soft skills au top !&lt;\/br&gt;\n&amp;gt; Coop\u00e9ration&lt;\/br&gt;\n&amp;gt; Optimisme&lt;\/br&gt;\n&amp;gt; Patience&lt;\/br&gt;\n &lt;\/br&gt;\" data-attachment-id=\"3828\" data-e-disable-page-transition=\"true\" data-type=\"image\" class=\"fg-thumb\"><span class=\"fg-image-wrap\"><img decoding=\"async\" title=\"PHILIPPE\" width=\"150\" height=\"151\" class=\"skip-lazy fg-image\" data-src-fg=\"https:\/\/www.beesmile.fr\/wp-content\/uploads\/cache\/2021\/05\/philippe2020\/3150113628.jpg\" src=\"data:image\/svg+xml,%3Csvg%20xmlns%3D%22http%3A%2F%2Fwww.w3.org%2F2000%2Fsvg%22%20width%3D%22150%22%20height%3D%22151%22%20viewBox%3D%220%200%20150%20151%22%3E%3C%2Fsvg%3E\" loading=\"eager\"><\/span><span class=\"fg-image-overlay\"><\/span><\/a><figcaption class=\"fg-caption\"><div class=\"fg-caption-inner\"><div class=\"fg-caption-title\">PHILIPPE<\/div><div class=\"fg-caption-desc\">Ses 3 soft skills au top !<\/br>\n&gt; Coop\u00e9ration<\/br>\n&gt; Optimisme<\/br>\n&gt; Patience<\/br>\n <\/br><\/div><\/div><\/figcaption><\/figure><div class=\"fg-loader\"><\/div><\/div><\/div>\n\n\n<div style=\"height:66px\" aria-hidden=\"true\" class=\"wp-block-spacer\"><\/div>\n\n\n\n<p>BEE Smile, c\u2019est un ensemble de <strong>consultants experts<\/strong> tous convaincus que le meilleur r\u00e9servoir de performance, ce sont les \u00e9quipes ! <\/p>\n\n\n\n<p>Alors, nous mettons tout en \u0153uvre pour consolider ce capital et acc\u00e9l\u00e9rer les performances de nos clients. <\/p>\n\n\n\n<p>BEE Smile est enfin un <strong>acteur engag\u00e9 <\/strong>aupr\u00e8s de la <strong>Fabrique Spinoza<\/strong> et de <strong>Surfrider Fundation<\/strong>. Pour chaque prestation r\u00e9alis\u00e9e, nous alimentons une cagnotte, revers\u00e9e chaque ann\u00e9e \u00e0 une association de protection de l\u2019environnement.<\/p>\n\n\n\n<p>On prend un moment pour en parler ? <\/p>\n\n\n<div class=\"wpforms-container wpforms-container-full wpforms-block\" id=\"wpforms-6685\"><form id=\"wpforms-form-6685\" class=\"wpforms-validate wpforms-form wpforms-ajax-form\" data-formid=\"6685\" method=\"post\" enctype=\"multipart\/form-data\" action=\"\/index.php\/wp-json\/wp\/v2\/pages\/3737\" data-token=\"3feca7613fe1f10bf21c269abaebf720\" data-token-time=\"1776649335\"><noscript class=\"wpforms-error-noscript\">Veuillez activer JavaScript dans votre navigateur pour remplir ce formulaire.<\/noscript><div class=\"wpforms-field-container\"><div id=\"wpforms-6685-field_0-container\" class=\"wpforms-field wpforms-field-name\" data-field-id=\"0\"><label class=\"wpforms-field-label\">Pr\u00e9nom &amp; Nom <span class=\"wpforms-required-label\">*<\/span><\/label><div class=\"wpforms-field-row wpforms-field-medium\"><div class=\"wpforms-field-row-block wpforms-first wpforms-one-half\"><input type=\"text\" id=\"wpforms-6685-field_0\" class=\"wpforms-field-name-first wpforms-field-required\" name=\"wpforms[fields][0][first]\" required><label for=\"wpforms-6685-field_0\" class=\"wpforms-field-sublabel after\">Pr\u00e9nom<\/label><\/div><div class=\"wpforms-field-row-block wpforms-one-half\"><input type=\"text\" id=\"wpforms-6685-field_0-last\" class=\"wpforms-field-name-last wpforms-field-required\" name=\"wpforms[fields][0][last]\" required><label for=\"wpforms-6685-field_0-last\" class=\"wpforms-field-sublabel after\">Nom<\/label><\/div><\/div><\/div><div id=\"wpforms-6685-field_4-container\" class=\"wpforms-field wpforms-field-text\" data-field-id=\"4\"><label class=\"wpforms-field-label\" for=\"wpforms-6685-field_4\">T\u00e9l\u00e9phone <span class=\"wpforms-required-label\">*<\/span><\/label><input type=\"text\" id=\"wpforms-6685-field_4\" class=\"wpforms-field-medium wpforms-field-required\" name=\"wpforms[fields][4]\" required><\/div><div id=\"wpforms-6685-field_1-container\" class=\"wpforms-field wpforms-field-email\" data-field-id=\"1\"><label class=\"wpforms-field-label\" for=\"wpforms-6685-field_1\">E-mail <span class=\"wpforms-required-label\">*<\/span><\/label><input type=\"email\" id=\"wpforms-6685-field_1\" class=\"wpforms-field-medium wpforms-field-required\" name=\"wpforms[fields][1]\" spellcheck=\"false\" required><\/div><div id=\"wpforms-6685-field_2-container\" class=\"wpforms-field wpforms-field-textarea\" data-field-id=\"2\"><label class=\"wpforms-field-label\" for=\"wpforms-6685-field_2\">C&#039;est \u00e0 vous ! laissez-nous votre message <span class=\"wpforms-required-label\">*<\/span><\/label><textarea id=\"wpforms-6685-field_2\" class=\"wpforms-field-medium wpforms-field-required\" name=\"wpforms[fields][2]\" required><\/textarea><\/div><div id=\"wpforms-6685-field_5-container\" class=\"wpforms-field wpforms-field-gdpr-checkbox\" data-field-id=\"5\"><label class=\"wpforms-field-label\">Accord RGPD <span class=\"wpforms-required-label\">*<\/span><\/label><ul id=\"wpforms-6685-field_5\" class=\"wpforms-field-required\"><li class=\"choice-1\"><input type=\"checkbox\" id=\"wpforms-6685-field_5_1\" name=\"wpforms[fields][5][]\" value=\"Je consens \u00e0 ce que ce site stocke mes informations envoy\u00e9es afin qu\u2019ils puissent r\u00e9pondre \u00e0 ma requ\u00eate.\" required ><label class=\"wpforms-field-label-inline\" for=\"wpforms-6685-field_5_1\">Je consens \u00e0 ce que ce site stocke mes informations envoy\u00e9es afin qu\u2019ils puissent r\u00e9pondre \u00e0 ma requ\u00eate.<\/label><\/li><\/ul><\/div><\/div><!-- .wpforms-field-container --><div class=\"wpforms-recaptcha-container wpforms-is-recaptcha wpforms-is-recaptcha-type-v3\" ><input type=\"hidden\" name=\"wpforms[recaptcha]\" value=\"\"><\/div><div class=\"wpforms-submit-container\" ><input type=\"hidden\" name=\"wpforms[id]\" value=\"6685\"><input type=\"hidden\" name=\"page_title\" value=\"\"><input type=\"hidden\" name=\"page_url\" value=\"https:\/\/www.beesmile.fr\/index.php\/wp-json\/wp\/v2\/pages\/3737\"><input type=\"hidden\" name=\"url_referer\" value=\"\"><button type=\"submit\" name=\"wpforms[submit]\" id=\"wpforms-submit-6685\" class=\"wpforms-submit\" data-alt-text=\"Envoi...\" data-submit-text=\"Envoyer\" aria-live=\"assertive\" value=\"wpforms-submit\">Envoyer<\/button><img decoding=\"async\" src=\"https:\/\/www.beesmile.fr\/wp-content\/plugins\/wpforms-lite\/assets\/images\/submit-spin.svg\" class=\"wpforms-submit-spinner\" style=\"display: none;\" width=\"26\" height=\"26\" alt=\"Chargement en cours\"><\/div><\/form><\/div>  <!-- .wpforms-container -->","protected":false},"excerpt":{"rendered":"<p>BEE Smile, c\u2019est un ensemble de consultants experts tous convaincus que le meilleur r\u00e9servoir de performance, ce sont les \u00e9quipes ! Alors, nous mettons tout en \u0153uvre pour consolider ce capital et acc\u00e9l\u00e9rer les performances de nos clients. BEE Smile est enfin un acteur engag\u00e9 aupr\u00e8s de la Fabrique Spinoza et de Surfrider Fundation. Pour&hellip;&nbsp;<\/p>\n","protected":false},"author":1,"featured_media":0,"parent":0,"menu_order":0,"comment_status":"closed","ping_status":"closed","template":"","meta":{"_acf_changed":false,"_seopress_robots_primary_cat":"","_seopress_titles_title":"","_seopress_titles_desc":"","_seopress_robots_index":"","neve_meta_sidebar":"","neve_meta_container":"","neve_meta_enable_content_width":"","neve_meta_content_width":0,"neve_meta_title_alignment":"","neve_meta_author_avatar":"","neve_post_elements_order":"","neve_meta_disable_header":"","neve_meta_disable_footer":"","neve_meta_disable_title":"","_themeisle_gutenberg_block_has_review":false,"footnotes":""},"class_list":["post-3737","page","type-page","status-publish","hentry"],"acf":[],"_links":{"self":[{"href":"https:\/\/www.beesmile.fr\/index.php\/wp-json\/wp\/v2\/pages\/3737","targetHints":{"allow":["GET"]}}],"collection":[{"href":"https:\/\/www.beesmile.fr\/index.php\/wp-json\/wp\/v2\/pages"}],"about":[{"href":"https:\/\/www.beesmile.fr\/index.php\/wp-json\/wp\/v2\/types\/page"}],"author":[{"embeddable":true,"href":"https:\/\/www.beesmile.fr\/index.php\/wp-json\/wp\/v2\/users\/1"}],"replies":[{"embeddable":true,"href":"https:\/\/www.beesmile.fr\/index.php\/wp-json\/wp\/v2\/comments?post=3737"}],"version-history":[{"count":5,"href":"https:\/\/www.beesmile.fr\/index.php\/wp-json\/wp\/v2\/pages\/3737\/revisions"}],"predecessor-version":[{"id":6701,"href":"https:\/\/www.beesmile.fr\/index.php\/wp-json\/wp\/v2\/pages\/3737\/revisions\/6701"}],"wp:attachment":[{"href":"https:\/\/www.beesmile.fr\/index.php\/wp-json\/wp\/v2\/media?parent=3737"}],"curies":[{"name":"wp","href":"https:\/\/api.w.org\/{rel}","templated":true}]}}