{"id":4,"date":"2017-10-05T11:41:44","date_gmt":"2017-10-05T09:41:44","guid":{"rendered":"http:\/\/beesmile.fr\/?page_id=4"},"modified":"2021-01-25T11:22:33","modified_gmt":"2021-01-25T10:22:33","slug":"accueil","status":"publish","type":"page","link":"https:\/\/www.beesmile.fr\/index.php\/accueil\/","title":{"rendered":"Accueil"},"content":{"rendered":"<p>Bien \u00eatre en entreprise<\/p>\n<p>Qualit\u00e9 de vie au travail<\/p>\n<p>Bordeaux, Gironde, Bordeaux M\u00e9tropole, Aquitaine.<\/p>\n<div class=\"col-lg-3 col-sm-3 focus-box\" data-scrollreveal=\"enter left after 0.15s over 1s\" data-sr-init=\"true\" data-sr-complete=\"true\">\n<h3 class=\"red-border-bottom\">Mieux aimer son travail<\/h3>\n<p>Beaucoup de crit\u00e8res concourent \u00e0 la satisfaction au travail. Des actions durables touchant le salari\u00e9 individu et le collectif (\u00e9quipe, site, organisation) contribuent au renforcement de cette perception.<\/p>\n<\/div>\n<div class=\"col-lg-3 col-sm-3 focus-box\" data-scrollreveal=\"enter left after 0.15s over 1s\" data-sr-init=\"true\" data-sr-complete=\"true\">\n<p>que fait on pour moi ?D\u00e9sormais, le salari\u00e9 attend plus de son organisation. L\u2019emploi \u00e0 vie n\u2019existe plus, le salari\u00e9 est plus volatile et aussi plus exigeant. Favoriser le bien \u00eatre au travail peut renforcer le regard positif des salari\u00e9s et limiter le turn over.<\/p>\n<\/div>\n<div class=\"col-lg-3 col-sm-3 focus-box\" data-scrollreveal=\"enter left after 0.15s over 1s\" data-sr-init=\"true\" data-sr-complete=\"true\">\n<div class=\"service-icon\" tabindex=\"0\">Quelle est l\u2019ambiance ici ?<\/div>\n<p>Travailler dans un environnement agr\u00e9able, bienveillant, constructif, favorisant la cr\u00e9ativit\u00e9 : tout le monde le souhaite. C\u2019est une convergence d\u2019actions qui construisent cet \u00e9quilibre.<\/p>\n<\/div>\n<div class=\"col-lg-3 col-sm-3 focus-box\" data-scrollreveal=\"enter left after 0.15s over 1s\" data-sr-init=\"true\" data-sr-complete=\"true\">\n<h3 class=\"red-border-bottom\">Salari\u00e9s heureux, clients satisfaits<\/h3>\n<p>Des salari\u00e9s heureux font des managers et des clients heureux. Comme vos clients, mettez vos salari\u00e9s au coeur de votre organisation, avec le m\u00eame niveau d\u2019engagements.<\/p>\n<h3 class=\"container text\" data-scrollreveal=\"enter left after 0s over 1s\" data-sr-init=\"true\" data-sr-complete=\"true\">Bee Smile vous propose d&rsquo;agir \u00e0 votre rythme, dans la dur\u00e9e et relay\u00e9 par des ambassadeurs internes pour enraciner les pratiques.<\/h3>\n<\/div>\n<div class=\"section-header\">\n<h2 class=\"white-text\">pourquoi agir ?<\/h2>\n<div class=\"white-text section-legend\">De nombreux b\u00e9n\u00e9fices directs et indirects.<\/div>\n<\/div>\n<div class=\"row\">\n<div class=\"col-lg-4 col-md-4 column zerif-rtl-big-title\">\n<div class=\"big-intro\" data-scrollreveal=\"enter left after 0s over 1s\" data-sr-init=\"true\" data-sr-complete=\"true\">un impact direct sur vos indicateurs \u00e9conomiques et sociaux<\/div>\n<\/div>\n<div class=\"col-lg-4 col-md-4 column zerif_about_us_center text_and_skills\" data-scrollreveal=\"enter bottom after 0s over 1s\" data-sr-init=\"true\" data-sr-complete=\"true\">\n<p>En am\u00e9liorant le bien \u00eatre dans votre organisation, vous agissez en profondeur sur la vie de vos \u00e9quipes. Plus impliqu\u00e9s, plus motiv\u00e9s, plus engag\u00e9s, vous l&rsquo;observez sur l&rsquo;am\u00e9lioration de vos indicateurs sociaux dans votre organisation. Plus encore, le bien \u00eatre de certains est contagieux aux plus r\u00e9fractaires ! ils deviennent des ambassadeurs du mieux vivre dans l&rsquo;organisation.<\/p>\n<\/div>\n<div class=\"col-lg-4 col-md-4 column zerif-rtl-skills \"><\/div>\n<\/div>\n<p>&nbsp;<\/p>\n<ul>\n<li class=\"skill skill_1\">\n<div class=\"skill-count\">\n<div><input id=\"moins-dabsenteisme\" class=\"skill1\" tabindex=\"-1\" role=\"presentation\" readonly=\"readonly\" type=\"text\" value=\"50\" data-thickness=\".2\"><\/div>\n<\/div>\n<div class=\"section-legend\"><label for=\"moins-dabsenteisme\">Moins d&rsquo;absenteisme<\/label><\/div>\n<p>Les salari\u00e9s heureux sont deux fois moins absents.<\/li>\n<li class=\"skill skill_2\">\n<div class=\"skill-count\"><\/div>\n<\/li>\n<li class=\"skill skill_2\">\n<div class=\"skill-count\">\n<div><input id=\"plus-de-productivite\" class=\"skill2\" tabindex=\"-1\" role=\"presentation\" readonly=\"readonly\" type=\"text\" value=\"31\" data-thickness=\".2\"><\/div>\n<\/div>\n<div class=\"section-legend\"><label for=\"plus-de-productivite\">Plus de productivite<\/label><\/div>\n<p>Les salari\u00e9s heureux sont naturellement plus productifs.<\/li>\n<li class=\"skill skill_3\">\n<div class=\"skill-count\"><\/div>\n<\/li>\n<li class=\"skill skill_3\">\n<div class=\"skill-count\">\n<div><input id=\"plus-de-creativite\" class=\"skill3\" tabindex=\"-1\" role=\"presentation\" readonly=\"readonly\" type=\"text\" value=\"55\" data-thickness=\".2\"><\/div>\n<\/div>\n<div class=\"section-legend\"><label for=\"plus-de-creativite\">plus de creativite<\/label><\/div>\n<p>Les salari\u00e9s heureux sont plus cr\u00e9atifs, plus inventifs !<\/li>\n<li class=\"skill skill_4\">\n<div class=\"skill-count\"><\/div>\n<\/li>\n<\/ul>\n<p>&nbsp;<\/p>\n<div class=\"row\">\n<div class=\"col-lg-4 col-md-4 column zerif-rtl-skills \">\n<ul class=\"skills\" data-scrollreveal=\"enter right after 0s over 1s\" data-sr-init=\"true\" data-sr-complete=\"true\">\n<li class=\"skill skill_4\">\n<div class=\"skill-count\">\n<div><input id=\"plus-de-recommandation\" class=\"skill4\" tabindex=\"-1\" role=\"presentation\" readonly=\"readonly\" type=\"text\" value=\"79\" data-thickness=\".2\"><\/div>\n<\/div>\n<div class=\"section-legend\"><label for=\"plus-de-recommandation\">plus de Recommandation<\/label><\/div>\n<p>Les salari\u00e9s heureux recommandent leur entreprise.<\/li>\n<li>CHANTIERS ACTIONS<\/li>\n<li>ABONNEMENT AU BIEN ETRE<\/li>\n<li><span id=\"zerif_team-widget-1\" class=\"\">Abonnez votre organisation au bien \u00eatre. Toute l\u2019ann\u00e9e, des th\u00e9matiques visant le bien \u00eatre de votre organisation sont trait\u00e9es et install\u00e9es dans la dur\u00e9e. <\/span><\/li>\n<li>bienvenu dans ma nouvelle boite<\/li>\n<li><span id=\"zerif_team-widget-2\" class=\"\">La qualit\u00e9 de l\u2019accueil et de l\u2019insertion des nouveaux salari\u00e9s est primordiale pour limiter le turn over. Agissez sur ce moment cl\u00e9 de la vie du salari\u00e9 ! Soignez l\u2019accueil de vos nouvelles recrues comme s\u2019il s\u2019agissait de nouveaux clients. <\/span><\/li>\n<li>enfin des espaces communs agr\u00e9ables<\/li>\n<li><span id=\"zerif_team-widget-3\" class=\"\">Salles de pause, salles de r\u00e9unions, espaces cr\u00e9atifs \u2026 redonnez de l\u2019envie \u00e0 vos salari\u00e9s en soignant les espaces de vie partag\u00e9s. <\/span><\/li>\n<li>travaillez mieux, travaillez moins<\/li>\n<li><span id=\"zerif_team-widget-4\" class=\"\">Cadres, managers, critiquons vos m\u00e9thodes de travail. La quantit\u00e9 ne rime pas avec qualit\u00e9. Revoyons ensemble vos m\u00e9thodes de travail et gagnez s\u00e9r\u00e9nit\u00e9 et efficacit\u00e9. <\/span><\/li>\n<\/ul>\n<h3 class=\"white-text\">Parce qu&rsquo;il faut savoir se d\u00e9tendre, nous organisons aussi des s\u00e9minaires gourmands ! voil\u00e0 comment allier travail, bonne humeur, d\u00e9couverte des territoires et gastronomie du Sud Ouest &#8230;<\/h3>\n<\/div>\n<\/div>\n","protected":false},"excerpt":{"rendered":"<p>Bien \u00eatre en entreprise Qualit\u00e9 de vie au travail Bordeaux, Gironde, Bordeaux M\u00e9tropole, Aquitaine. Mieux aimer son travail Beaucoup de crit\u00e8res concourent \u00e0 la satisfaction au travail. Des actions durables touchant le salari\u00e9 individu et le collectif (\u00e9quipe, site, organisation) contribuent au renforcement de cette perception. que fait on pour moi ?D\u00e9sormais, le salari\u00e9 attend&hellip;&nbsp;<\/p>\n","protected":false},"author":1,"featured_media":3495,"parent":0,"menu_order":0,"comment_status":"closed","ping_status":"closed","template":"","meta":{"_acf_changed":false,"_seopress_robots_primary_cat":"","_seopress_titles_title":"BEE Smile | Engag\u00e9s pour l&#039;avenir !","_seopress_titles_desc":"Am\u00e9liorez l&#039;engagement salari\u00e9 et la performance de vos \u00e9quipes. Moins d&#039;absent\u00e9isme, de turn over et plus de r\u00e9sultats ! Bordeaux, Nouvelle Aquitaine et plus !","_seopress_robots_index":"","neve_meta_sidebar":"","neve_meta_container":"","neve_meta_enable_content_width":"","neve_meta_content_width":0,"neve_meta_title_alignment":"","neve_meta_author_avatar":"","neve_post_elements_order":"","neve_meta_disable_header":"","neve_meta_disable_footer":"","neve_meta_disable_title":"","_themeisle_gutenberg_block_has_review":false,"footnotes":""},"class_list":["post-4","page","type-page","status-publish","has-post-thumbnail","hentry"],"acf":[],"_links":{"self":[{"href":"https:\/\/www.beesmile.fr\/index.php\/wp-json\/wp\/v2\/pages\/4","targetHints":{"allow":["GET"]}}],"collection":[{"href":"https:\/\/www.beesmile.fr\/index.php\/wp-json\/wp\/v2\/pages"}],"about":[{"href":"https:\/\/www.beesmile.fr\/index.php\/wp-json\/wp\/v2\/types\/page"}],"author":[{"embeddable":true,"href":"https:\/\/www.beesmile.fr\/index.php\/wp-json\/wp\/v2\/users\/1"}],"replies":[{"embeddable":true,"href":"https:\/\/www.beesmile.fr\/index.php\/wp-json\/wp\/v2\/comments?post=4"}],"version-history":[{"count":5,"href":"https:\/\/www.beesmile.fr\/index.php\/wp-json\/wp\/v2\/pages\/4\/revisions"}],"predecessor-version":[{"id":3271,"href":"https:\/\/www.beesmile.fr\/index.php\/wp-json\/wp\/v2\/pages\/4\/revisions\/3271"}],"wp:featuredmedia":[{"embeddable":true,"href":"https:\/\/www.beesmile.fr\/index.php\/wp-json\/wp\/v2\/media\/3495"}],"wp:attachment":[{"href":"https:\/\/www.beesmile.fr\/index.php\/wp-json\/wp\/v2\/media?parent=4"}],"curies":[{"name":"wp","href":"https:\/\/api.w.org\/{rel}","templated":true}]}}