{"id":6039,"date":"2022-09-19T13:58:51","date_gmt":"2022-09-19T11:58:51","guid":{"rendered":"https:\/\/www.beesmile.fr\/?page_id=6039"},"modified":"2022-09-19T13:58:51","modified_gmt":"2022-09-19T11:58:51","slug":"mnt-pra-seminaire-2022","status":"publish","type":"page","link":"https:\/\/www.beesmile.fr\/index.php\/mnt-pra-seminaire-2022\/","title":{"rendered":"MNT PRA -S\u00e9minaire 2022"},"content":{"rendered":"\n<div class=\"wp-block-group\"><div class=\"wp-block-group__inner-container is-layout-flow wp-block-group-is-layout-flow\"><\/div><\/div>\n\n\n<div class=\"wp-block-image\">\n<figure class=\"aligncenter size-full is-resized\"><img fetchpriority=\"high\" decoding=\"async\" src=\"https:\/\/www.beesmile.fr\/wp-content\/uploads\/2022\/09\/Capture-decran-2022-09-14-184050.jpg\" alt=\"\" class=\"wp-image-6041\" width=\"446\" height=\"622\"\/><\/figure>\n<\/div>\n\n\n<p>Le jeudi 15 septembre 2022, les \u00e9quipes du PRA (P\u00f4le Relation Adh\u00e9rent) de la MNT se sont retrouv\u00e9es \u00e0 Saint Aubin de M\u00e9doc pour le s\u00e9minaire de rentr\u00e9e. <\/p>\n\n\n\n<p>Les objectifs : se retrouver, partager la feuille de route 2022-2023 sur le client centric, s\u2019amuser et se d\u00e9passer avec des exp\u00e9riences in\u00e9dites autour du cirque.<\/p>\n\n\n\n<p>Une journ\u00e9e bien remplie, qui a permis \u00e0 tous de partager de bons moments, des sourires et de pr\u00e9parer l\u2019avenir. Bref, tout pour <strong>renforcer l\u2019engagement salari\u00e9 de l\u2019\u00e9quipe<\/strong> !<\/p>\n\n\n\n<p>Retrouvez le meilleur de l\u2019\u00e9v\u00e8nement en photo ci dessous.<\/p>\n\n\n\n<p>Nous, on a ador\u00e9 organiser cette exp\u00e9rience pour vous !<br>et vous ? si vous avez aim\u00e9, laissez nous un petit t\u00e9moignage sur notre page <a href=\"https:\/\/www.google.com\/search?q=bee+smile&amp;client=firefox-b-d&amp;sxsrf=ACYBGNTm5KQqoxfI8oPpL9bCs5ALyP7P0w:1571239295111&amp;source=lnms&amp;sa=X&amp;ved=0ahUKEwj97KrAiqHlAhXOWhUIHbT_D9wQ_AUIDCgA&amp;biw=1920&amp;bih=966&amp;dpr=1#lrd=0xd54d76ebdd97725:0xcdf53cd64fc6f797,1,,,\" target=\"_blank\" rel=\"noreferrer noopener\">Google My Business<\/a> !<\/p>\n\n\n\n<figure class=\"wp-block-image\"><img decoding=\"async\" width=\"310\" height=\"162\" src=\"https:\/\/www.beesmile.fr\/wp-content\/uploads\/2019\/11\/merci.jpeg\" alt=\"\" class=\"wp-image-2375\" srcset=\"https:\/\/www.beesmile.fr\/wp-content\/uploads\/2019\/11\/merci.jpeg 310w, https:\/\/www.beesmile.fr\/wp-content\/uploads\/2019\/11\/merci-300x157.jpeg 300w\" sizes=\"(max-width: 310px) 100vw, 310px\" \/><\/figure>\n\n\n\n<p>Merci \u00e0 tous pour votre bonne humeur et vos r\u00e9ussites avec la compagnie de cirque !<\/p>\n\n\n\n<p>Retrouvez d\u2019autres leviers pour renforcer l\u2019engagement salari\u00e9 sur <a href=\"http:\/\/www.beesmile.fr\">www.beesmile.fr<\/a><\/p>\n\n\n\n<p><a href=\"http:\/\/www.beesmile.fr\"><\/a><\/p>\n\n\n<div class=\"wp-block-image\">\n<figure class=\"aligncenter is-resized\"><img decoding=\"async\" src=\"https:\/\/www.beesmile.fr\/wp-content\/uploads\/2020\/12\/BEE-Smile-OFF.png\" alt=\"\" class=\"wp-image-3495\" width=\"286\" height=\"66\" srcset=\"https:\/\/www.beesmile.fr\/wp-content\/uploads\/2020\/12\/BEE-Smile-OFF.png 624w, https:\/\/www.beesmile.fr\/wp-content\/uploads\/2020\/12\/BEE-Smile-OFF-300x69.png 300w\" sizes=\"(max-width: 286px) 100vw, 286px\" \/><\/figure>\n<\/div>\n\n\n<hr class=\"wp-block-separator has-alpha-channel-opacity\"\/>\n\n\n<style type=\"text\/css\">\n#foogallery-gallery-6117 .fg-image { width: 150px; }\n#foogallery-gallery-6117 { --fg-gutter: 10px; }<\/style>\n\t\t\t<div class=\"foogallery foogallery-container foogallery-default foogallery-lightbox-foobox fg-center fg-default fg-ready fg-light fg-border-thin fg-shadow-outline fg-loading-default fg-loaded-fade-in fg-caption-hover fg-hover-fade fg-hover-zoom\" id=\"foogallery-gallery-6117\" data-foogallery=\"{&quot;item&quot;:{&quot;showCaptionTitle&quot;:true,&quot;showCaptionDescription&quot;:true},&quot;lazy&quot;:true}\" style=\"--fg-title-line-clamp: 0; --fg-description-line-clamp: 0;\" >\n\t<\/div>\n\n\n\n<hr class=\"wp-block-separator has-alpha-channel-opacity\"\/>\n\n\n<style type=\"text\/css\">\n#foogallery-gallery-6116 .fg-image { width: 150px; }\n#foogallery-gallery-6116 { --fg-gutter: 10px; }<\/style>\n\t\t\t<div class=\"foogallery foogallery-container foogallery-default foogallery-lightbox-foobox fg-center fg-default fg-ready fg-light fg-border-thin fg-shadow-outline fg-loading-default fg-loaded-fade-in fg-caption-hover fg-hover-fade fg-hover-zoom\" id=\"foogallery-gallery-6116\" data-foogallery=\"{&quot;item&quot;:{&quot;showCaptionTitle&quot;:true,&quot;showCaptionDescription&quot;:true},&quot;lazy&quot;:true}\" style=\"--fg-title-line-clamp: 0; --fg-description-line-clamp: 0;\" >\n\t<\/div>\n","protected":false},"excerpt":{"rendered":"<p>Le jeudi 15 septembre 2022, les \u00e9quipes du PRA (P\u00f4le Relation Adh\u00e9rent) de la MNT se sont retrouv\u00e9es \u00e0 Saint Aubin de M\u00e9doc pour le s\u00e9minaire de rentr\u00e9e. Les objectifs : se retrouver, partager la feuille de route 2022-2023 sur le client centric, s\u2019amuser et se d\u00e9passer avec des exp\u00e9riences in\u00e9dites autour du cirque. Une&hellip;&nbsp;<\/p>\n","protected":false},"author":1,"featured_media":0,"parent":0,"menu_order":0,"comment_status":"closed","ping_status":"closed","template":"","meta":{"_acf_changed":false,"_seopress_robots_primary_cat":"","_seopress_titles_title":"","_seopress_titles_desc":"","_seopress_robots_index":"","neve_meta_sidebar":"","neve_meta_container":"","neve_meta_enable_content_width":"","neve_meta_content_width":0,"neve_meta_title_alignment":"","neve_meta_author_avatar":"","neve_post_elements_order":"","neve_meta_disable_header":"","neve_meta_disable_footer":"","neve_meta_disable_title":"","_themeisle_gutenberg_block_has_review":false,"footnotes":""},"class_list":["post-6039","page","type-page","status-publish","hentry"],"acf":[],"_links":{"self":[{"href":"https:\/\/www.beesmile.fr\/index.php\/wp-json\/wp\/v2\/pages\/6039","targetHints":{"allow":["GET"]}}],"collection":[{"href":"https:\/\/www.beesmile.fr\/index.php\/wp-json\/wp\/v2\/pages"}],"about":[{"href":"https:\/\/www.beesmile.fr\/index.php\/wp-json\/wp\/v2\/types\/page"}],"author":[{"embeddable":true,"href":"https:\/\/www.beesmile.fr\/index.php\/wp-json\/wp\/v2\/users\/1"}],"replies":[{"embeddable":true,"href":"https:\/\/www.beesmile.fr\/index.php\/wp-json\/wp\/v2\/comments?post=6039"}],"version-history":[{"count":3,"href":"https:\/\/www.beesmile.fr\/index.php\/wp-json\/wp\/v2\/pages\/6039\/revisions"}],"predecessor-version":[{"id":6119,"href":"https:\/\/www.beesmile.fr\/index.php\/wp-json\/wp\/v2\/pages\/6039\/revisions\/6119"}],"wp:attachment":[{"href":"https:\/\/www.beesmile.fr\/index.php\/wp-json\/wp\/v2\/media?parent=6039"}],"curies":[{"name":"wp","href":"https:\/\/api.w.org\/{rel}","templated":true}]}}