{"id":6249,"date":"2022-10-12T10:15:14","date_gmt":"2022-10-12T08:15:14","guid":{"rendered":"https:\/\/www.beesmile.fr\/?page_id=6249"},"modified":"2022-10-12T10:15:14","modified_gmt":"2022-10-12T08:15:14","slug":"cuma-la-puissance-du-groupe","status":"publish","type":"page","link":"https:\/\/www.beesmile.fr\/index.php\/cuma-la-puissance-du-groupe\/","title":{"rendered":"CUMA &#8211; LA PUISSANCE DU GROUPE"},"content":{"rendered":"<div class=\"wp-block-image\">\n<figure class=\"aligncenter size-full\"><img fetchpriority=\"high\" decoding=\"async\" width=\"343\" height=\"147\" src=\"https:\/\/www.beesmile.fr\/wp-content\/uploads\/2022\/10\/CUMA-LOGO.png\" alt=\"\" class=\"wp-image-6251\" srcset=\"https:\/\/www.beesmile.fr\/wp-content\/uploads\/2022\/10\/CUMA-LOGO.png 343w, https:\/\/www.beesmile.fr\/wp-content\/uploads\/2022\/10\/CUMA-LOGO-300x129.png 300w\" sizes=\"(max-width: 343px) 100vw, 343px\" \/><\/figure>\n<\/div>\n\n<div class=\"wp-block-image\">\n<figure class=\"aligncenter size-full\"><img decoding=\"async\" width=\"900\" height=\"675\" src=\"https:\/\/www.beesmile.fr\/wp-content\/uploads\/2022\/10\/90CDBFF2-EF7B-40F2-92F9-644F3937D0DFL0001.jpg\" alt=\"\" class=\"wp-image-6252\" srcset=\"https:\/\/www.beesmile.fr\/wp-content\/uploads\/2022\/10\/90CDBFF2-EF7B-40F2-92F9-644F3937D0DFL0001.jpg 900w, https:\/\/www.beesmile.fr\/wp-content\/uploads\/2022\/10\/90CDBFF2-EF7B-40F2-92F9-644F3937D0DFL0001-300x225.jpg 300w, https:\/\/www.beesmile.fr\/wp-content\/uploads\/2022\/10\/90CDBFF2-EF7B-40F2-92F9-644F3937D0DFL0001-768x576.jpg 768w, https:\/\/www.beesmile.fr\/wp-content\/uploads\/2022\/10\/90CDBFF2-EF7B-40F2-92F9-644F3937D0DFL0001-285x214.jpg 285w\" sizes=\"(max-width: 900px) 100vw, 900px\" \/><\/figure>\n<\/div>\n\n\n<p>Le mardi 11 octobre 2022, les \u00e9quipes de la CUMA faisaient leur rentr\u00e9e avec une belle journ\u00e9e de coh\u00e9sion sur le Bassin d\u2019Arcachon.<\/p>\n\n\n\n<p>Une grande balade gourmande leur a permis de d\u00e9couvrir le village du Cap Ferret et le Bassin d&rsquo;Arcachon. <\/p>\n\n\n\n<p>Retrouvez le meilleur en photos ci dessous !<\/p>\n\n\n\n<p>Ne vous arr\u00eatez pas en si bon chemin et d\u00e9couvrez d\u2019autres leviers de motivation et d\u2019engagements des \u00e9quipes sur <a rel=\"noreferrer noopener\" href=\"http:\/\/www.beesmile.fr\" target=\"_blank\">www.beesmile.fr<\/a><\/p>\n\n\n\n<p>Nous, on a ador\u00e9 organiser cette exp\u00e9rience pour vous !<br>et vous ? si vous avez aim\u00e9, laissez nous un petit t\u00e9moignage sur notre page <a rel=\"noreferrer noopener\" href=\"https:\/\/www.google.com\/search?q=bee+smile&amp;client=firefox-b-d&amp;sxsrf=ACYBGNTm5KQqoxfI8oPpL9bCs5ALyP7P0w:1571239295111&amp;source=lnms&amp;sa=X&amp;ved=0ahUKEwj97KrAiqHlAhXOWhUIHbT_D9wQ_AUIDCgA&amp;biw=1920&amp;bih=966&amp;dpr=1#lrd=0xd54d76ebdd97725:0xcdf53cd64fc6f797,1,,,\" target=\"_blank\">Google My Business<\/a> !<\/p>\n\n\n<div class=\"wp-block-image\">\n<figure class=\"aligncenter is-resized\"><a href=\"https:\/\/www.beesmile.fr\/index.php\/enseirb-matmeca-fait-sa-rentree\/www.beesmile.fr\" target=\"_blank\" rel=\"noreferrer noopener\"><img decoding=\"async\" src=\"https:\/\/www.beesmile.fr\/wp-content\/uploads\/2020\/12\/BEE-Smile-OFF.png\" alt=\"\" class=\"wp-image-3495\" width=\"368\" height=\"85\" srcset=\"https:\/\/www.beesmile.fr\/wp-content\/uploads\/2020\/12\/BEE-Smile-OFF.png 624w, https:\/\/www.beesmile.fr\/wp-content\/uploads\/2020\/12\/BEE-Smile-OFF-300x69.png 300w\" sizes=\"(max-width: 368px) 100vw, 368px\" \/><\/a><\/figure>\n<\/div>\n\n\n<hr class=\"wp-block-separator has-alpha-channel-opacity\"\/>\n\n\n\n<figure class=\"wp-block-image size-large\"><img loading=\"lazy\" decoding=\"async\" width=\"900\" height=\"675\" src=\"https:\/\/www.beesmile.fr\/wp-content\/uploads\/2022\/10\/0FD6E2CC-D5C8-45D6-BC08-B5E6B84BB9C1L0001.jpg\" alt=\"\" class=\"wp-image-6253\" srcset=\"https:\/\/www.beesmile.fr\/wp-content\/uploads\/2022\/10\/0FD6E2CC-D5C8-45D6-BC08-B5E6B84BB9C1L0001.jpg 900w, https:\/\/www.beesmile.fr\/wp-content\/uploads\/2022\/10\/0FD6E2CC-D5C8-45D6-BC08-B5E6B84BB9C1L0001-300x225.jpg 300w, https:\/\/www.beesmile.fr\/wp-content\/uploads\/2022\/10\/0FD6E2CC-D5C8-45D6-BC08-B5E6B84BB9C1L0001-768x576.jpg 768w, https:\/\/www.beesmile.fr\/wp-content\/uploads\/2022\/10\/0FD6E2CC-D5C8-45D6-BC08-B5E6B84BB9C1L0001-285x214.jpg 285w\" sizes=\"(max-width: 900px) 100vw, 900px\" \/><\/figure>\n\n\n\n<figure class=\"wp-block-image size-large\"><img loading=\"lazy\" decoding=\"async\" width=\"900\" height=\"675\" src=\"https:\/\/www.beesmile.fr\/wp-content\/uploads\/2022\/10\/05BA0E9A-B322-41D4-B676-1B343BDF66C8L0001.jpg\" alt=\"\" class=\"wp-image-6256\" srcset=\"https:\/\/www.beesmile.fr\/wp-content\/uploads\/2022\/10\/05BA0E9A-B322-41D4-B676-1B343BDF66C8L0001.jpg 900w, https:\/\/www.beesmile.fr\/wp-content\/uploads\/2022\/10\/05BA0E9A-B322-41D4-B676-1B343BDF66C8L0001-300x225.jpg 300w, https:\/\/www.beesmile.fr\/wp-content\/uploads\/2022\/10\/05BA0E9A-B322-41D4-B676-1B343BDF66C8L0001-768x576.jpg 768w, https:\/\/www.beesmile.fr\/wp-content\/uploads\/2022\/10\/05BA0E9A-B322-41D4-B676-1B343BDF66C8L0001-285x214.jpg 285w\" sizes=\"(max-width: 900px) 100vw, 900px\" \/><\/figure>\n\n\n\n<figure class=\"wp-block-image size-large\"><img loading=\"lazy\" decoding=\"async\" width=\"900\" height=\"675\" src=\"https:\/\/www.beesmile.fr\/wp-content\/uploads\/2022\/10\/23EE26D9-4338-4840-AD93-55155C27BF3CL0001.jpg\" alt=\"\" class=\"wp-image-6254\" srcset=\"https:\/\/www.beesmile.fr\/wp-content\/uploads\/2022\/10\/23EE26D9-4338-4840-AD93-55155C27BF3CL0001.jpg 900w, https:\/\/www.beesmile.fr\/wp-content\/uploads\/2022\/10\/23EE26D9-4338-4840-AD93-55155C27BF3CL0001-300x225.jpg 300w, https:\/\/www.beesmile.fr\/wp-content\/uploads\/2022\/10\/23EE26D9-4338-4840-AD93-55155C27BF3CL0001-768x576.jpg 768w, https:\/\/www.beesmile.fr\/wp-content\/uploads\/2022\/10\/23EE26D9-4338-4840-AD93-55155C27BF3CL0001-285x214.jpg 285w\" sizes=\"(max-width: 900px) 100vw, 900px\" \/><\/figure>\n\n\n\n<figure class=\"wp-block-image size-large\"><img loading=\"lazy\" decoding=\"async\" width=\"900\" height=\"675\" src=\"https:\/\/www.beesmile.fr\/wp-content\/uploads\/2022\/10\/90CDBFF2-EF7B-40F2-92F9-644F3937D0DFL0001-1.jpg\" alt=\"\" class=\"wp-image-6259\" srcset=\"https:\/\/www.beesmile.fr\/wp-content\/uploads\/2022\/10\/90CDBFF2-EF7B-40F2-92F9-644F3937D0DFL0001-1.jpg 900w, https:\/\/www.beesmile.fr\/wp-content\/uploads\/2022\/10\/90CDBFF2-EF7B-40F2-92F9-644F3937D0DFL0001-1-300x225.jpg 300w, https:\/\/www.beesmile.fr\/wp-content\/uploads\/2022\/10\/90CDBFF2-EF7B-40F2-92F9-644F3937D0DFL0001-1-768x576.jpg 768w, https:\/\/www.beesmile.fr\/wp-content\/uploads\/2022\/10\/90CDBFF2-EF7B-40F2-92F9-644F3937D0DFL0001-1-285x214.jpg 285w\" sizes=\"(max-width: 900px) 100vw, 900px\" \/><\/figure>\n\n\n\n<figure class=\"wp-block-image size-large\"><img loading=\"lazy\" decoding=\"async\" width=\"768\" height=\"1024\" src=\"https:\/\/www.beesmile.fr\/wp-content\/uploads\/2022\/10\/C66160FA-50D0-4941-B3EB-FB8B7FD90F9EL0001-768x1024.jpg\" alt=\"\" class=\"wp-image-6258\" srcset=\"https:\/\/www.beesmile.fr\/wp-content\/uploads\/2022\/10\/C66160FA-50D0-4941-B3EB-FB8B7FD90F9EL0001-768x1024.jpg 768w, https:\/\/www.beesmile.fr\/wp-content\/uploads\/2022\/10\/C66160FA-50D0-4941-B3EB-FB8B7FD90F9EL0001-225x300.jpg 225w, https:\/\/www.beesmile.fr\/wp-content\/uploads\/2022\/10\/C66160FA-50D0-4941-B3EB-FB8B7FD90F9EL0001.jpg 900w\" sizes=\"(max-width: 768px) 100vw, 768px\" \/><\/figure>\n\n\n\n<figure class=\"wp-block-image size-large\"><img loading=\"lazy\" decoding=\"async\" width=\"768\" height=\"1024\" src=\"https:\/\/www.beesmile.fr\/wp-content\/uploads\/2022\/10\/CE36BFA3-05EB-4C5A-B6F0-307CCE6F300AL0001-768x1024.jpg\" alt=\"\" class=\"wp-image-6257\" srcset=\"https:\/\/www.beesmile.fr\/wp-content\/uploads\/2022\/10\/CE36BFA3-05EB-4C5A-B6F0-307CCE6F300AL0001-768x1024.jpg 768w, https:\/\/www.beesmile.fr\/wp-content\/uploads\/2022\/10\/CE36BFA3-05EB-4C5A-B6F0-307CCE6F300AL0001-225x300.jpg 225w, https:\/\/www.beesmile.fr\/wp-content\/uploads\/2022\/10\/CE36BFA3-05EB-4C5A-B6F0-307CCE6F300AL0001.jpg 900w\" sizes=\"(max-width: 768px) 100vw, 768px\" \/><\/figure>\n\n\n\n<figure class=\"wp-block-image size-large\"><img loading=\"lazy\" decoding=\"async\" width=\"768\" height=\"1024\" src=\"https:\/\/www.beesmile.fr\/wp-content\/uploads\/2022\/10\/E03C60DA-08BA-4474-9634-68B36BFDD60EL0001-Copie-768x1024.jpg\" alt=\"\" class=\"wp-image-6255\" srcset=\"https:\/\/www.beesmile.fr\/wp-content\/uploads\/2022\/10\/E03C60DA-08BA-4474-9634-68B36BFDD60EL0001-Copie-768x1024.jpg 768w, https:\/\/www.beesmile.fr\/wp-content\/uploads\/2022\/10\/E03C60DA-08BA-4474-9634-68B36BFDD60EL0001-Copie-225x300.jpg 225w, https:\/\/www.beesmile.fr\/wp-content\/uploads\/2022\/10\/E03C60DA-08BA-4474-9634-68B36BFDD60EL0001-Copie.jpg 900w\" sizes=\"(max-width: 768px) 100vw, 768px\" \/><\/figure>\n\n\n\n<figure class=\"wp-block-image size-large\"><img loading=\"lazy\" decoding=\"async\" width=\"768\" height=\"1024\" src=\"https:\/\/www.beesmile.fr\/wp-content\/uploads\/2022\/10\/FDAC0329-D624-489D-B5AF-6BE3B24C771DL0001-Copie-768x1024.jpg\" alt=\"\" class=\"wp-image-6260\" srcset=\"https:\/\/www.beesmile.fr\/wp-content\/uploads\/2022\/10\/FDAC0329-D624-489D-B5AF-6BE3B24C771DL0001-Copie-768x1024.jpg 768w, https:\/\/www.beesmile.fr\/wp-content\/uploads\/2022\/10\/FDAC0329-D624-489D-B5AF-6BE3B24C771DL0001-Copie-225x300.jpg 225w, https:\/\/www.beesmile.fr\/wp-content\/uploads\/2022\/10\/FDAC0329-D624-489D-B5AF-6BE3B24C771DL0001-Copie.jpg 900w\" sizes=\"(max-width: 768px) 100vw, 768px\" \/><\/figure>\n","protected":false},"excerpt":{"rendered":"<p>Le mardi 11 octobre 2022, les \u00e9quipes de la CUMA faisaient leur rentr\u00e9e avec une belle journ\u00e9e de coh\u00e9sion sur le Bassin d\u2019Arcachon. Une grande balade gourmande leur a permis de d\u00e9couvrir le village du Cap Ferret et le Bassin d&rsquo;Arcachon. Retrouvez le meilleur en photos ci dessous ! Ne vous arr\u00eatez pas en si&hellip;&nbsp;<\/p>\n","protected":false},"author":1,"featured_media":0,"parent":0,"menu_order":0,"comment_status":"closed","ping_status":"closed","template":"","meta":{"_acf_changed":false,"_seopress_robots_primary_cat":"","_seopress_titles_title":"","_seopress_titles_desc":"","_seopress_robots_index":"","neve_meta_sidebar":"","neve_meta_container":"","neve_meta_enable_content_width":"","neve_meta_content_width":0,"neve_meta_title_alignment":"","neve_meta_author_avatar":"","neve_post_elements_order":"","neve_meta_disable_header":"","neve_meta_disable_footer":"","neve_meta_disable_title":"","_themeisle_gutenberg_block_has_review":false,"footnotes":""},"class_list":["post-6249","page","type-page","status-publish","hentry"],"acf":[],"_links":{"self":[{"href":"https:\/\/www.beesmile.fr\/index.php\/wp-json\/wp\/v2\/pages\/6249","targetHints":{"allow":["GET"]}}],"collection":[{"href":"https:\/\/www.beesmile.fr\/index.php\/wp-json\/wp\/v2\/pages"}],"about":[{"href":"https:\/\/www.beesmile.fr\/index.php\/wp-json\/wp\/v2\/types\/page"}],"author":[{"embeddable":true,"href":"https:\/\/www.beesmile.fr\/index.php\/wp-json\/wp\/v2\/users\/1"}],"replies":[{"embeddable":true,"href":"https:\/\/www.beesmile.fr\/index.php\/wp-json\/wp\/v2\/comments?post=6249"}],"version-history":[{"count":2,"href":"https:\/\/www.beesmile.fr\/index.php\/wp-json\/wp\/v2\/pages\/6249\/revisions"}],"predecessor-version":[{"id":6262,"href":"https:\/\/www.beesmile.fr\/index.php\/wp-json\/wp\/v2\/pages\/6249\/revisions\/6262"}],"wp:attachment":[{"href":"https:\/\/www.beesmile.fr\/index.php\/wp-json\/wp\/v2\/media?parent=6249"}],"curies":[{"name":"wp","href":"https:\/\/api.w.org\/{rel}","templated":true}]}}