{"id":708,"date":"2019-01-30T15:12:01","date_gmt":"2019-01-30T14:12:01","guid":{"rendered":"https:\/\/www.beesmile.fr\/?page_id=708"},"modified":"2023-02-23T16:43:02","modified_gmt":"2023-02-23T15:43:02","slug":"evaluer-et-mesurer","status":"publish","type":"page","link":"https:\/\/www.beesmile.fr\/index.php\/evaluer-et-mesurer\/","title":{"rendered":"\u00c9valuer et mesurer"},"content":{"rendered":"\n<div class=\"wp-block-media-text alignwide is-stacked-on-mobile\" style=\"grid-template-columns:33% auto\"><figure class=\"wp-block-media-text__media\"><img fetchpriority=\"high\" decoding=\"async\" width=\"285\" height=\"331\" src=\"https:\/\/www.beesmile.fr\/wp-content\/uploads\/2021\/01\/bee-diag.png\" alt=\"\" class=\"wp-image-3509 size-full\" srcset=\"https:\/\/www.beesmile.fr\/wp-content\/uploads\/2021\/01\/bee-diag.png 285w, https:\/\/www.beesmile.fr\/wp-content\/uploads\/2021\/01\/bee-diag-258x300.png 258w\" sizes=\"(max-width: 285px) 100vw, 285px\" \/><\/figure><div class=\"wp-block-media-text__content\">\n<p>Nous r\u00e9alisons un <strong>diagnostic <\/strong>sur les pratiques de l\u2019entreprise en  questionnant plusieurs acteurs cl\u00e9s (dirigeant, Rh, manager) sur la base<strong>  <\/strong>de <strong>75 questions autour de 8 th\u00e9matiques<\/strong> qui concourent directement \u00e0 <strong>l&rsquo;engagement salari\u00e9<\/strong>&nbsp;:<br><em>[inspirer], [recruter et accueillir], [accompagner et faire  \u00e9voluer], [communiquer], [\u00e9couter],&nbsp; [prendre soin], [remercier et  c\u00e9l\u00e9brer], [partager.]<\/em><\/p>\n\n\n\n<p>Nous d\u00e9finissons avec vous la nature et le nombre d&rsquo;interview\u00e9(e)s. Nous r\u00e9alisons les interviews en face \u00e0 face. Chaque question est \u00e9valu\u00e9 sur une \u00e9chelle de maturit\u00e9. <\/p>\n\n\n\n<p>Nous consolidons les r\u00e9sultats pour obtenir les points forts et les points d&rsquo;am\u00e9liorations de l&rsquo;entreprise. C&rsquo;est le point d&rsquo;entr\u00e9e pour permettre de d\u00e9finir <strong>un plan d&rsquo;actions adapt\u00e9 au contexte de votre organisation.<\/strong><\/p>\n\n\n\n<p><em>Option : nous pouvons r\u00e9aliser une analyse des preuves (proc\u00e9dures, documents, statistiques, &#8230;).<\/em><\/p>\n\n\n\n<blockquote class=\"wp-block-quote is-layout-flow wp-block-quote-is-layout-flow\">\n<p><em><a href=\"http:\/\/beesmile.fr\/#contact\">Tarif : nous consulter, selon le nombre d&rsquo;interviews.<\/a><\/em><\/p>\n<\/blockquote>\n<\/div><\/div>\n\n\n\n<hr class=\"wp-block-separator has-alpha-channel-opacity\" id=\"BEENPS\"\/>\n\n\n\n<div class=\"wp-block-media-text alignwide is-stacked-on-mobile\" style=\"grid-template-columns:33% auto\"><figure class=\"wp-block-media-text__media\"><img decoding=\"async\" width=\"285\" height=\"332\" src=\"https:\/\/www.beesmile.fr\/wp-content\/uploads\/2021\/01\/BEE-NPS.png\" alt=\"\" class=\"wp-image-3512 size-full\" srcset=\"https:\/\/www.beesmile.fr\/wp-content\/uploads\/2021\/01\/BEE-NPS.png 285w, https:\/\/www.beesmile.fr\/wp-content\/uploads\/2021\/01\/BEE-NPS-258x300.png 258w\" sizes=\"(max-width: 285px) 100vw, 285px\" \/><\/figure><div class=\"wp-block-media-text__content\">\n<p>Nous interrogeons r\u00e9guli\u00e8rement vos salari\u00e9s avec des <strong>mini-sondages anonymes<\/strong> qui  donnent le pouls de l\u2019organisation et d\u00e9tectent les signaux faibles. <\/p>\n\n\n\n<h3 class=\"wp-block-heading\">Le BEE NPS<\/h3>\n\n\n\n<p>Les salari\u00e9s re\u00e7oivent par mail un sondage anonyme qui leur pose la question : <\/p>\n\n\n\n<p class=\"has-luminous-vivid-orange-color has-text-color\"><em>Recommanderiez-vous \u00e0 quelqu&rsquo;un de votre entourage de venir travailler dans votre entreprise ? Pourquoi ?<\/em><\/p>\n\n\n\n<p>Nous analysons les r\u00e9ponses, les classons par grandes th\u00e9matiques, les analysons. Vous disposez ainsi d&rsquo;<strong>un diagnostic et de propositions d&rsquo;actions<\/strong> pour agir sur les pr\u00e9occupations de vos \u00e9quipes. <\/p>\n\n\n\n<p>Il est conseill\u00e9 d&rsquo;administrer le sondage deux fois par an. <\/p>\n\n\n\n<blockquote class=\"wp-block-quote is-layout-flow wp-block-quote-is-layout-flow\">\n<p><em><a href=\"http:\/\/beesmile.fr\/#contact\">Tarif : forfait fixe par campagne + co\u00fbt \u00e0 la r\u00e9ponse.<\/a><\/em><\/p>\n<\/blockquote>\n<\/div><\/div>\n\n\n\n<hr class=\"wp-block-separator has-alpha-channel-opacity\" id=\"BEETOPFLOP\"\/>\n\n\n\n<div class=\"wp-block-media-text alignwide is-stacked-on-mobile\" style=\"grid-template-columns:33% auto\"><figure class=\"wp-block-media-text__media\"><img decoding=\"async\" width=\"284\" height=\"332\" src=\"https:\/\/www.beesmile.fr\/wp-content\/uploads\/2021\/01\/BEE-Top-Flop.png\" alt=\"\" class=\"wp-image-3515 size-full\" srcset=\"https:\/\/www.beesmile.fr\/wp-content\/uploads\/2021\/01\/BEE-Top-Flop.png 284w, https:\/\/www.beesmile.fr\/wp-content\/uploads\/2021\/01\/BEE-Top-Flop-257x300.png 257w\" sizes=\"(max-width: 284px) 100vw, 284px\" \/><\/figure><div class=\"wp-block-media-text__content\">\n<p>Nous interrogeons r\u00e9guli\u00e8rement vos salari\u00e9s avec des <strong>mini-sondages anonymes <\/strong>qui  donnent le pouls de l\u2019organisation et d\u00e9tectent les signaux faibles. <\/p>\n\n\n\n<h3 class=\"wp-block-heading\">Le BEE TOP FLOP<\/h3>\n\n\n\n<p>Les salari\u00e9s re\u00e7oivent par mail un sondage anonyme qui leur pose la question : <\/p>\n\n\n\n<p class=\"has-luminous-vivid-orange-color has-text-color\"><em>Quelle a \u00e9t\u00e9 votre principale source de satisfaction au travail lors du dernier mois&nbsp;?<br> Quelle a \u00e9t\u00e9 votre principale source d\u2019irritation au travail lors du dernier mois&nbsp;?<\/em><\/p>\n\n\n\n<p>Nous analysons les r\u00e9ponses, les classons par grandes th\u00e9matiques, les analysons. Vous disposez ainsi d&rsquo;<strong>un diagnostic et de propositions d&rsquo;actions<\/strong> pour agir sur les pr\u00e9occupations de vos \u00e9quipes.<\/p>\n\n\n\n<p>Il est conseill\u00e9 d&rsquo;administrer le sondage deux fois par an. <\/p>\n\n\n\n<blockquote class=\"wp-block-quote is-layout-flow wp-block-quote-is-layout-flow\">\n<p><em><a href=\"http:\/\/beesmile.fr\/#contact\">Tarif : forfait fixe par campagne + co\u00fbt \u00e0 la r\u00e9ponse.<\/a><\/em><\/p>\n<\/blockquote>\n<\/div><\/div>\n\n\n\n<hr class=\"wp-block-separator has-css-opacity\"\/>\n\n\n<div class=\"wp-block-image\">\n<figure class=\"aligncenter size-large is-resized\"><img loading=\"lazy\" decoding=\"async\" src=\"https:\/\/www.beesmile.fr\/wp-content\/uploads\/2019\/10\/logo-BEE-Smile.png\" alt=\"\" class=\"wp-image-2183\" width=\"92\" height=\"82\"\/><\/figure>\n<\/div>\n\n\n<p class=\"has-text-align-center has-luminous-vivid-amber-background-color has-background has-medium-font-size\"><strong>Contactez-nous <\/strong>!<\/p>\n\n\n\n<p>Parlons en pour pr\u00e9ciser votre besoin et construire ensemble la solution de progr\u00e8s.<\/p>\n\n\n\n<div class=\"wp-block-media-text alignwide is-stacked-on-mobile\" style=\"grid-template-columns:39% auto\"><figure class=\"wp-block-media-text__media\"><a href=\"https:\/\/calendly.com\/beesmile\/40min\"><img loading=\"lazy\" decoding=\"async\" width=\"335\" height=\"143\" src=\"https:\/\/www.beesmile.fr\/wp-content\/uploads\/2021\/01\/Rendez-vous-BEE-Smile.png\" alt=\"BEE Smile - Engagement salari\u00e9\" class=\"wp-image-3614 size-full\" srcset=\"https:\/\/www.beesmile.fr\/wp-content\/uploads\/2021\/01\/Rendez-vous-BEE-Smile.png 335w, https:\/\/www.beesmile.fr\/wp-content\/uploads\/2021\/01\/Rendez-vous-BEE-Smile-300x128.png 300w\" sizes=\"(max-width: 335px) 100vw, 335px\" \/><\/a><\/figure><div class=\"wp-block-media-text__content\">\n<p class=\"has-medium-font-size\"><strong><a href=\"https:\/\/calendly.com\/beesmile\/40min\">Prendre rdv pour un \u00e9change sans engagement<\/a><\/strong><\/p>\n<\/div><\/div>\n\n\n\n<div style=\"height:56px\" aria-hidden=\"true\" class=\"wp-block-spacer\"><\/div>\n\n\n\n<p class=\"has-medium-font-size\">ou utilisez le formulaire ci-dessous.<\/p>\n\n\n\n<p><strong><code>[pirate_forms]<\/code><\/strong><\/p>\n","protected":false},"excerpt":{"rendered":"<p>Contactez-nous ! Parlons en pour pr\u00e9ciser votre besoin et construire ensemble la solution de progr\u00e8s. Prendre rdv pour un \u00e9change sans engagement ou utilisez le formulaire ci-dessous. [pirate_forms]<\/p>\n","protected":false},"author":1,"featured_media":0,"parent":0,"menu_order":0,"comment_status":"closed","ping_status":"closed","template":"","meta":{"_acf_changed":false,"_seopress_robots_primary_cat":"","_seopress_titles_title":"","_seopress_titles_desc":"Nous r\u00e9alisons un diagnostic QVT et construisons le plan d&#039;action pour favoriser l&#039;engagement salari\u00e9 et am\u00e9liorer vos indicateurs absent\u00e9isme, turn-over, performances ...","_seopress_robots_index":"","neve_meta_sidebar":"","neve_meta_container":"","neve_meta_enable_content_width":"","neve_meta_content_width":0,"neve_meta_title_alignment":"","neve_meta_author_avatar":"","neve_post_elements_order":"","neve_meta_disable_header":"","neve_meta_disable_footer":"","neve_meta_disable_title":"","_themeisle_gutenberg_block_has_review":false,"footnotes":""},"class_list":["post-708","page","type-page","status-publish","hentry"],"acf":[],"_links":{"self":[{"href":"https:\/\/www.beesmile.fr\/index.php\/wp-json\/wp\/v2\/pages\/708","targetHints":{"allow":["GET"]}}],"collection":[{"href":"https:\/\/www.beesmile.fr\/index.php\/wp-json\/wp\/v2\/pages"}],"about":[{"href":"https:\/\/www.beesmile.fr\/index.php\/wp-json\/wp\/v2\/types\/page"}],"author":[{"embeddable":true,"href":"https:\/\/www.beesmile.fr\/index.php\/wp-json\/wp\/v2\/users\/1"}],"replies":[{"embeddable":true,"href":"https:\/\/www.beesmile.fr\/index.php\/wp-json\/wp\/v2\/comments?post=708"}],"version-history":[{"count":23,"href":"https:\/\/www.beesmile.fr\/index.php\/wp-json\/wp\/v2\/pages\/708\/revisions"}],"predecessor-version":[{"id":6662,"href":"https:\/\/www.beesmile.fr\/index.php\/wp-json\/wp\/v2\/pages\/708\/revisions\/6662"}],"wp:attachment":[{"href":"https:\/\/www.beesmile.fr\/index.php\/wp-json\/wp\/v2\/media?parent=708"}],"curies":[{"name":"wp","href":"https:\/\/api.w.org\/{rel}","templated":true}]}}